{"id":5294,"date":"2022-03-15T16:56:10","date_gmt":"2022-03-15T13:56:10","guid":{"rendered":"https:\/\/drbugrayilmaz.com\/?page_id=5294"},"modified":"2022-03-15T17:23:24","modified_gmt":"2022-03-15T14:23:24","slug":"kisisel-verilerin-korunmasi","status":"publish","type":"page","link":"https:\/\/drbugrayilmaz.com\/en\/kisisel-verilerin-korunmasi\/","title":{"rendered":"(T\u00fcrk\u00e7e) Ki\u015fisel Verilerin Korunmas\u0131"},"content":{"rendered":"<p class=\"qtranxs-available-languages-message qtranxs-available-languages-message-en\">Sorry, this entry is only available in <a href=\"https:\/\/drbugrayilmaz.com\/tr\/wp-json\/wp\/v2\/pages\/5294\" class=\"qtranxs-available-language-link qtranxs-available-language-link-tr\" title=\"T\u00fcrk\u00e7e\">T\u00fcrk\u00e7e<\/a>.<\/p>","protected":false},"excerpt":{"rendered":"","protected":false},"author":2,"featured_media":0,"parent":0,"menu_order":0,"comment_status":"closed","ping_status":"closed","template":"","meta":{"footnotes":""},"class_list":["post-5294","page","type-page","status-publish","hentry"],"_links":{"self":[{"href":"https:\/\/drbugrayilmaz.com\/en\/wp-json\/wp\/v2\/pages\/5294","targetHints":{"allow":["GET"]}}],"collection":[{"href":"https:\/\/drbugrayilmaz.com\/en\/wp-json\/wp\/v2\/pages"}],"about":[{"href":"https:\/\/drbugrayilmaz.com\/en\/wp-json\/wp\/v2\/types\/page"}],"author":[{"embeddable":true,"href":"https:\/\/drbugrayilmaz.com\/en\/wp-json\/wp\/v2\/users\/2"}],"replies":[{"embeddable":true,"href":"https:\/\/drbugrayilmaz.com\/en\/wp-json\/wp\/v2\/comments?post=5294"}],"version-history":[{"count":5,"href":"https:\/\/drbugrayilmaz.com\/en\/wp-json\/wp\/v2\/pages\/5294\/revisions"}],"predecessor-version":[{"id":5302,"href":"https:\/\/drbugrayilmaz.com\/en\/wp-json\/wp\/v2\/pages\/5294\/revisions\/5302"}],"wp:attachment":[{"href":"https:\/\/drbugrayilmaz.com\/en\/wp-json\/wp\/v2\/media?parent=5294"}],"curies":[{"name":"wp","href":"https:\/\/api.w.org\/{rel}","templated":true}]}}